{"id":14,"date":"2017-03-01T17:35:58","date_gmt":"2017-03-01T17:35:58","guid":{"rendered":"http:\/\/xn--gabriele-rpke-kunstraum-hlc.de\/?page_id=14"},"modified":"2019-12-27T21:55:33","modified_gmt":"2019-12-27T21:55:33","slug":"portrait","status":"publish","type":"page","link":"http:\/\/xn--gabriele-rpke-kunstraum-hlc.de\/?page_id=14","title":{"rendered":"Portrait"},"content":{"rendered":"<h4>&nbsp;Das bin also ich &#8230;..&nbsp;<img loading=\"lazy\" decoding=\"async\" class=\"size-medium wp-image-16 alignleft\" src=\"http:\/\/xn--gabriele-rpke-kunstraum-hlc.de\/wp-content\/uploads\/2017\/01\/photo_2016-10-16_19-12-43-225x300.jpg\" alt=\"\" width=\"225\" height=\"300\" srcset=\"http:\/\/xn--gabriele-rpke-kunstraum-hlc.de\/wp-content\/uploads\/2017\/01\/photo_2016-10-16_19-12-43-225x300.jpg 225w, http:\/\/xn--gabriele-rpke-kunstraum-hlc.de\/wp-content\/uploads\/2017\/01\/photo_2016-10-16_19-12-43-768x1024.jpg 768w, http:\/\/xn--gabriele-rpke-kunstraum-hlc.de\/wp-content\/uploads\/2017\/01\/photo_2016-10-16_19-12-43.jpg 960w\" sizes=\"auto, (max-width: 225px) 100vw, 225px\" \/>Gabriele (Gabi) R\u00f6pke<\/h4>\n<p>Geboren wurde ich im August 1964 in M\u00fchldorf am Inn. Ich bin meiner Heimat sehr verbunden und auch seitdem nicht wirklich weit weggezogen.<\/p>\n<p>Bereits in meiner Jugend habe ich gemalt, mich aber dann aber erst einmal auf meine Ausbildung, meinen Beruf Bankkauffrau und dann auf meine neu gegr\u00fcndete Familie und meine zwei Jungs konzentriert. Nachdem meine beiden S\u00f6hne &nbsp;froh waren, nicht mehr meine volle Aufmerksamkeit zu bekommen, habe ich mich wieder intensiver mit der Kunst besch\u00e4ftigt. Meine drei M\u00e4nner schenkten mir daraufhin zu meinem Geburtstag eine Leinwand, Farben und eine Staffelei und so machte ich mich erneut auf dem Weg zur Malerei.<\/p>\n<p>Bei einem Kurs der VHS lernte ich die Grundlagen der Acrylmalerei kennen und lieben. So arbeitete mich dann autodidaktisch weiter in die Thematik ein.<\/p>\n<p>Haupts\u00e4chlich male ich mit Acrylfarben, verwende aber auch andere Materialien und bin immer auf der Suche nach neuen Herausforderungen \u2013 ob gegenst\u00e4ndlich oder abstrakt.<\/p>\n<p>Neben der Malerei versuche ich &nbsp;mich auch in der Fotografie und mache bei jeder Gelegenheit Momentaufnahmen.<\/p>\n<p>Ich war einige Jahre Mitglied in der Malgruppe \u201eDie eigene Kreativit\u00e4t erleben\u201c, bevor ich dem Kunstverein Inn-Salzach e.V. 2010 beitrat und bei dem ich nun als 2. Vorsitzende mitmische.<\/p>\n<p>Eine weitere gro\u00dfe Leidenschaft neben dem Malen ist das Reisen. Hier hole ich mir meine Inspirationen und die n\u00f6tige Entspannung.<\/p>\n<p>Ausstellungen: Haus der Kultur in Waldkraiburg, Haberkasten M\u00fchldorf, Kreisklinik M\u00fchldorf, VHS M\u00fchldorf, Sartroville (Paris), Casino Kitzb\u00fchel, Adalbert-Stifter-Wohnheim Waldkraiburg<\/p>\n","protected":false},"excerpt":{"rendered":"<p>&nbsp;Das bin also ich &#8230;..&nbsp;Gabriele (Gabi) R\u00f6pke Geboren wurde ich im August 1964 in M\u00fchldorf am Inn. Ich bin meiner Heimat sehr verbunden und auch seitdem nicht wirklich weit weggezogen. Bereits in meiner Jugend habe ich gemalt, mich aber dann aber erst einmal auf meine Ausbildung, meinen Beruf Bankkauffrau und dann auf meine neu gegr\u00fcndete &hellip; <\/p>\n<p class=\"link-more\"><a href=\"http:\/\/xn--gabriele-rpke-kunstraum-hlc.de\/?page_id=14\" class=\"more-link\"><span class=\"screen-reader-text\">\u201ePortrait\u201c <\/span>weiterlesen<\/a><\/p>\n","protected":false},"author":1,"featured_media":0,"parent":0,"menu_order":4,"comment_status":"closed","ping_status":"closed","template":"","meta":{"ngg_post_thumbnail":0,"footnotes":""},"class_list":["post-14","page","type-page","status-publish","hentry"],"_links":{"self":[{"href":"http:\/\/xn--gabriele-rpke-kunstraum-hlc.de\/index.php?rest_route=\/wp\/v2\/pages\/14","targetHints":{"allow":["GET"]}}],"collection":[{"href":"http:\/\/xn--gabriele-rpke-kunstraum-hlc.de\/index.php?rest_route=\/wp\/v2\/pages"}],"about":[{"href":"http:\/\/xn--gabriele-rpke-kunstraum-hlc.de\/index.php?rest_route=\/wp\/v2\/types\/page"}],"author":[{"embeddable":true,"href":"http:\/\/xn--gabriele-rpke-kunstraum-hlc.de\/index.php?rest_route=\/wp\/v2\/users\/1"}],"replies":[{"embeddable":true,"href":"http:\/\/xn--gabriele-rpke-kunstraum-hlc.de\/index.php?rest_route=%2Fwp%2Fv2%2Fcomments&post=14"}],"version-history":[{"count":11,"href":"http:\/\/xn--gabriele-rpke-kunstraum-hlc.de\/index.php?rest_route=\/wp\/v2\/pages\/14\/revisions"}],"predecessor-version":[{"id":105,"href":"http:\/\/xn--gabriele-rpke-kunstraum-hlc.de\/index.php?rest_route=\/wp\/v2\/pages\/14\/revisions\/105"}],"wp:attachment":[{"href":"http:\/\/xn--gabriele-rpke-kunstraum-hlc.de\/index.php?rest_route=%2Fwp%2Fv2%2Fmedia&parent=14"}],"curies":[{"name":"wp","href":"https:\/\/api.w.org\/{rel}","templated":true}]}}